{"id":13,"date":"2026-01-26T10:19:54","date_gmt":"2026-01-26T10:19:54","guid":{"rendered":"https:\/\/murosdepiedrarubengranados.rkinformatika.online\/?page_id=13"},"modified":"2026-01-26T12:06:00","modified_gmt":"2026-01-26T12:06:00","slug":"inicio","status":"publish","type":"page","link":"https:\/\/murosdepiedrarubengranados.com\/en\/","title":{"rendered":"Home"},"content":{"rendered":"<div data-elementor-type=\"wp-page\" data-elementor-id=\"13\" class=\"elementor elementor-13\" data-elementor-post-type=\"page\">\n\t\t\t\t<div class=\"elementor-element elementor-element-90dcafe e-flex e-con-boxed e-con e-parent\" data-id=\"90dcafe\" data-element_type=\"container\" data-e-type=\"container\" data-settings=\"{&quot;background_background&quot;:&quot;classic&quot;}\">\n\t\t\t\t\t<div class=\"e-con-inner\">\n\t\t\t\t<div class=\"elementor-element elementor-element-b30b705 elementor-widget elementor-widget-heading\" data-id=\"b30b705\" data-element_type=\"widget\" data-e-type=\"widget\" data-widget_type=\"heading.default\">\n\t\t\t\t\t<h2 class=\"elementor-heading-title elementor-size-default\">stone walls<\/h2>\t\t\t\t<\/div>\n\t\t\t\t<div class=\"elementor-element elementor-element-1ceffa8 elementor-widget elementor-widget-heading\" data-id=\"1ceffa8\" data-element_type=\"widget\" data-e-type=\"widget\" data-widget_type=\"heading.default\">\n\t\t\t\t\t<h2 class=\"elementor-heading-title elementor-size-default\">Rub\u00e9n Granados<\/h2>\t\t\t\t<\/div>\n\t\t\t\t<div class=\"elementor-element elementor-element-2d9ece8 elementor-widget elementor-widget-heading\" data-id=\"2d9ece8\" data-element_type=\"widget\" data-e-type=\"widget\" data-widget_type=\"heading.default\">\n\t\t\t\t\t<h2 class=\"elementor-heading-title elementor-size-default\">Stone wall manufacturing <\/h2>\t\t\t\t<\/div>\n\t\t\t\t\t<\/div>\n\t\t\t\t<\/div>\n\t\t<div class=\"elementor-element elementor-element-1803d71 e-flex e-con-boxed e-con e-parent\" data-id=\"1803d71\" data-element_type=\"container\" data-e-type=\"container\">\n\t\t\t\t\t<div class=\"e-con-inner\">\n\t\t<div class=\"elementor-element elementor-element-6ee5289 e-con-full e-flex e-con e-child\" data-id=\"6ee5289\" data-element_type=\"container\" data-e-type=\"container\">\n\t\t\t\t<div class=\"elementor-element elementor-element-94e5c1b elementor-widget elementor-widget-heading\" data-id=\"94e5c1b\" data-element_type=\"widget\" data-e-type=\"widget\" data-widget_type=\"heading.default\">\n\t\t\t\t\t<h2 class=\"elementor-heading-title elementor-size-default\">About Us<\/h2>\t\t\t\t<\/div>\n\t\t\t\t<div class=\"elementor-element elementor-element-8cb18e5 elementor-widget elementor-widget-text-editor\" data-id=\"8cb18e5\" data-element_type=\"widget\" data-e-type=\"widget\" data-widget_type=\"text-editor.default\">\n\t\t\t\t\t\t\t\t\t<p data-start=\"166\" data-end=\"463\">We specialize in masonry and stonework, creating solid, functional structures with a meticulous finish. We approach each project with attention to detail, combining technique, experience, and a handcrafted approach to achieve lasting and aesthetically pleasing results.<\/p><p data-start=\"465\" data-end=\"794\">We create everything from stone walls, arches, and pillars to planters and decorative elements for exteriors, adapting to the style of each home, property, or space. We like to listen to our clients, advise them from the very beginning, and propose solutions that fit the surroundings and meet their specific needs.<\/p><p data-start=\"796\" data-end=\"950\">Our goal is simple: to do a job well done, with quality materials, meeting deadlines, and a result that is noticeable at first glance.<\/p>\t\t\t\t\t\t\t\t<\/div>\n\t\t\t\t<\/div>\n\t\t\t\t\t<\/div>\n\t\t\t\t<\/div>\n\t\t<div class=\"elementor-element elementor-element-132b0ed e-flex e-con-boxed e-con e-parent\" data-id=\"132b0ed\" data-element_type=\"container\" data-e-type=\"container\" data-settings=\"{&quot;background_background&quot;:&quot;classic&quot;}\">\n\t\t\t\t\t<div class=\"e-con-inner\">\n\t\t\t\t<div class=\"elementor-element elementor-element-b6f0032 elementor-widget elementor-widget-heading\" data-id=\"b6f0032\" data-element_type=\"widget\" data-e-type=\"widget\" data-widget_type=\"heading.default\">\n\t\t\t\t\t<h2 class=\"elementor-heading-title elementor-size-default\">Do you have a stone project?<\/h2>\t\t\t\t<\/div>\n\t\t\t\t<div class=\"elementor-element elementor-element-e6b26c5 elementor-widget elementor-widget-heading\" data-id=\"e6b26c5\" data-element_type=\"widget\" data-e-type=\"widget\" data-widget_type=\"heading.default\">\n\t\t\t\t\t<h2 class=\"elementor-heading-title elementor-size-default\">Write to us and we'll advise you without obligation.<\/h2>\t\t\t\t<\/div>\n\t\t\t\t<div class=\"elementor-element elementor-element-04a7813 elementor-widget elementor-widget-button\" data-id=\"04a7813\" data-element_type=\"widget\" data-e-type=\"widget\" data-widget_type=\"button.default\">\n\t\t\t\t\t\t\t\t\t\t<a class=\"elementor-button elementor-button-link elementor-size-sm elementor-animation-wobble-horizontal\" href=\"\/en\/contacto\/\">\n\t\t\t\t\t\t<span class=\"elementor-button-content-wrapper\">\n\t\t\t\t\t\t\t\t\t<span class=\"elementor-button-text\">Request information<\/span>\n\t\t\t\t\t<\/span>\n\t\t\t\t\t<\/a>\n\t\t\t\t\t\t\t\t<\/div>\n\t\t\t\t\t<\/div>\n\t\t\t\t<\/div>\n\t\t<div class=\"elementor-element elementor-element-fcc0ead e-flex e-con-boxed e-con e-parent\" data-id=\"fcc0ead\" data-element_type=\"container\" data-e-type=\"container\">\n\t\t\t\t\t<div class=\"e-con-inner\">\n\t\t\t\t<div class=\"elementor-element elementor-element-3d5259a elementor-widget elementor-widget-image-carousel\" data-id=\"3d5259a\" data-element_type=\"widget\" data-e-type=\"widget\" data-settings=\"{&quot;slides_to_show&quot;:&quot;4&quot;,&quot;slides_to_scroll&quot;:&quot;1&quot;,&quot;navigation&quot;:&quot;none&quot;,&quot;image_spacing_custom&quot;:{&quot;unit&quot;:&quot;px&quot;,&quot;size&quot;:5,&quot;sizes&quot;:[]},&quot;autoplay&quot;:&quot;yes&quot;,&quot;pause_on_hover&quot;:&quot;yes&quot;,&quot;pause_on_interaction&quot;:&quot;yes&quot;,&quot;autoplay_speed&quot;:5000,&quot;infinite&quot;:&quot;yes&quot;,&quot;speed&quot;:500,&quot;image_spacing_custom_tablet&quot;:{&quot;unit&quot;:&quot;px&quot;,&quot;size&quot;:&quot;&quot;,&quot;sizes&quot;:[]},&quot;image_spacing_custom_mobile&quot;:{&quot;unit&quot;:&quot;px&quot;,&quot;size&quot;:&quot;&quot;,&quot;sizes&quot;:[]}}\" data-widget_type=\"image-carousel.default\">\n\t\t\t\t\t\t\t<div class=\"elementor-image-carousel-wrapper swiper\" role=\"region\" aria-roledescription=\"carousel\" aria-label=\"Carrusel de im\u00e1genes\" dir=\"ltr\">\n\t\t\t<div class=\"elementor-image-carousel swiper-wrapper\" aria-live=\"off\">\n\t\t\t\t\t\t\t\t<div class=\"swiper-slide\" role=\"group\" aria-roledescription=\"slide\" aria-label=\"1 of 11\"><figure class=\"swiper-slide-inner\"><img decoding=\"async\" class=\"swiper-slide-image\" src=\"https:\/\/murosdepiedrarubengranados.com\/wp-content\/uploads\/elementor\/thumbs\/WhatsApp-Image-2026-01-26-at-12.58.04-ri816kyqnv9kgvhgzkgxjehspzlyz10daqxsetcubs.jpeg\" alt=\"WhatsApp Image 2026-01-26 at 12.58.04\" \/><\/figure><\/div><div class=\"swiper-slide\" role=\"group\" aria-roledescription=\"slide\" aria-label=\"2 of 11\"><figure class=\"swiper-slide-inner\"><img decoding=\"async\" class=\"swiper-slide-image\" src=\"https:\/\/murosdepiedrarubengranados.com\/wp-content\/uploads\/elementor\/thumbs\/WhatsApp-Image-2026-01-26-at-12.58.03-3-ri816j32a76ztnk7ajnoeeyvj7v8jmswmhmtg9fmo8.jpeg\" alt=\"WhatsApp Image 2026-01-26 at 12.58.03 (3)\" \/><\/figure><\/div><div class=\"swiper-slide\" role=\"group\" aria-roledescription=\"slide\" aria-label=\"3 of 11\"><figure class=\"swiper-slide-inner\"><img decoding=\"async\" class=\"swiper-slide-image\" src=\"https:\/\/murosdepiedrarubengranados.com\/wp-content\/uploads\/elementor\/thumbs\/WhatsApp-Image-2026-01-26-at-12.58.03-2-ri816h7dwj4f6fmxliuf9ffycg4i48lfy8buhpif0o.jpeg\" alt=\"WhatsApp Image 2026-01-26 at 12.58.03 (2)\" \/><\/figure><\/div><div class=\"swiper-slide\" role=\"group\" aria-roledescription=\"slide\" aria-label=\"4 of 11\"><figure class=\"swiper-slide-inner\"><img decoding=\"async\" class=\"swiper-slide-image\" src=\"https:\/\/murosdepiedrarubengranados.com\/wp-content\/uploads\/elementor\/thumbs\/WhatsApp-Image-2026-01-26-at-12.58.03-1-ri8165xbmiozb43bfdywfiaf7to3jvcnwoi0qdz53c.jpeg\" alt=\"WhatsApp Image 2026-01-26 at 12.58.03 (1)\" \/><\/figure><\/div><div class=\"swiper-slide\" role=\"group\" aria-roledescription=\"slide\" aria-label=\"5 of 11\"><figure class=\"swiper-slide-inner\"><img decoding=\"async\" class=\"swiper-slide-image\" src=\"https:\/\/murosdepiedrarubengranados.com\/wp-content\/uploads\/elementor\/thumbs\/WhatsApp-Image-2026-01-26-at-12.58.03-ri81625yv6ju0o8s1cce5j8kua6mp2xqk5w2ta4ps8.jpeg\" alt=\"WhatsApp Image 2026-01-26 at 12.58.03\" \/><\/figure><\/div><div class=\"swiper-slide\" role=\"group\" aria-roledescription=\"slide\" aria-label=\"6 of 11\"><figure class=\"swiper-slide-inner\"><img decoding=\"async\" class=\"swiper-slide-image\" src=\"https:\/\/murosdepiedrarubengranados.com\/wp-content\/uploads\/elementor\/thumbs\/WhatsApp-Image-2026-01-26-at-12.58.02-4-1-ri8160aahih9dgbicbj50jpnnifw9oq9vwl3uq7i4o.jpeg\" alt=\"WhatsApp Image 2026-01-26 at 12.58.02 (4)\" \/><\/figure><\/div><div class=\"swiper-slide\" role=\"group\" aria-roledescription=\"slide\" aria-label=\"7 of 11\"><figure class=\"swiper-slide-inner\"><img decoding=\"async\" class=\"swiper-slide-image\" src=\"https:\/\/murosdepiedrarubengranados.com\/wp-content\/uploads\/elementor\/thumbs\/WhatsApp-Image-2026-01-26-at-12.58.02-3-ri815yem3ueoq8e8napvvk6qgqp5uait7na4w6aah4.jpeg\" alt=\"WhatsApp Image 2026-01-26 at 12.58.02 (3)\" \/><\/figure><\/div><div class=\"swiper-slide\" role=\"group\" aria-roledescription=\"slide\" aria-label=\"8 of 11\"><figure class=\"swiper-slide-inner\"><img decoding=\"async\" class=\"swiper-slide-image\" src=\"https:\/\/murosdepiedrarubengranados.com\/wp-content\/uploads\/elementor\/thumbs\/WhatsApp-Image-2026-01-26-at-12.58.02-2-ri815wixq6c430gyy9wmqknt9yyfewbcjdz5xmd2tk.jpeg\" alt=\"WhatsApp Image 2026-01-26 at 12.58.02 (2)\" \/><\/figure><\/div><div class=\"swiper-slide\" role=\"group\" aria-roledescription=\"slide\" aria-label=\"9 of 11\"><figure class=\"swiper-slide-inner\"><img decoding=\"async\" class=\"swiper-slide-image\" src=\"https:\/\/murosdepiedrarubengranados.com\/wp-content\/uploads\/elementor\/thumbs\/WhatsApp-Image-2026-01-26-at-12.58.02-1-ri815vl3jcatreic3ri062wcol32777m79bogcegzs.jpeg\" alt=\"WhatsApp Image 2026-01-26 at 12.58.02 (1)\" \/><\/figure><\/div><div class=\"swiper-slide\" role=\"group\" aria-roledescription=\"slide\" aria-label=\"10 of 11\"><figure class=\"swiper-slide-inner\"><img decoding=\"async\" class=\"swiper-slide-image\" src=\"https:\/\/murosdepiedrarubengranados.com\/wp-content\/uploads\/elementor\/thumbs\/WhatsApp-Image-2026-01-26-at-12.58.02-ri815tpf5o8946l2eqor13dfhtcbrt05j00phsh9c8.jpeg\" alt=\"WhatsApp Image 2026-01-26 at 12.58.02\" \/><\/figure><\/div><div class=\"swiper-slide\" role=\"group\" aria-roledescription=\"slide\" aria-label=\"11 of 11\"><figure class=\"swiper-slide-inner\"><img decoding=\"async\" class=\"swiper-slide-image\" src=\"https:\/\/murosdepiedrarubengranados.com\/wp-content\/uploads\/elementor\/thumbs\/WhatsApp-Image-2026-01-26-at-12.58.02-4-ri815py2ec33tqqj0p28r4bl49uux0l86herkomu14.jpeg\" alt=\"WhatsApp Image 2026-01-26 at 12.58.02 (4)\" \/><\/figure><\/div>\t\t\t<\/div>\n\t\t\t\t\t\t\t\n\t\t\t\t\t\t\t\t\t<\/div>\n\t\t\t\t\t\t<\/div>\n\t\t\t\t\t<\/div>\n\t\t\t\t<\/div>\n\t\t\t\t<\/div>","protected":false},"excerpt":{"rendered":"<p>Muros de piedra Rub\u00e9n Granados Fabricaci\u00f3n de muros de piedra Sobre Nosotros Somos especialistas en mamposter\u00eda y trabajos en piedra, y nos dedicamos a crear estructuras s\u00f3lidas, funcionales y con un acabado cuidado. Cada proyecto lo trabajamos con atenci\u00f3n al detalle, combinando t\u00e9cnica, experiencia y un enfoque artesanal para lograr resultados duraderos y est\u00e9ticos. Realizamos [&hellip;]<\/p>\n","protected":false},"author":1,"featured_media":0,"parent":0,"menu_order":0,"comment_status":"closed","ping_status":"closed","template":"elementor_canvas","meta":{"footnotes":""},"class_list":["post-13","page","type-page","status-publish","hentry"],"yoast_head":"<!-- This site is optimized with the Yoast SEO plugin v27.3 - https:\/\/yoast.com\/product\/yoast-seo-wordpress\/ -->\n<title>Inicio - Muros de piedra Rub\u00e9n Granados<\/title>\n<meta name=\"robots\" content=\"index, follow, max-snippet:-1, max-image-preview:large, max-video-preview:-1\" \/>\n<link rel=\"canonical\" href=\"https:\/\/murosdepiedrarubengranados.com\/en\/\" \/>\n<meta property=\"og:locale\" content=\"en_GB\" \/>\n<meta property=\"og:type\" content=\"article\" \/>\n<meta property=\"og:title\" content=\"Inicio - Muros de piedra Rub\u00e9n Granados\" \/>\n<meta property=\"og:description\" content=\"Muros de piedra Rub\u00e9n Granados Fabricaci\u00f3n de muros de piedra Sobre Nosotros Somos especialistas en mamposter\u00eda y trabajos en piedra, y nos dedicamos a crear estructuras s\u00f3lidas, funcionales y con un acabado cuidado. Cada proyecto lo trabajamos con atenci\u00f3n al detalle, combinando t\u00e9cnica, experiencia y un enfoque artesanal para lograr resultados duraderos y est\u00e9ticos. Realizamos [&hellip;]\" \/>\n<meta property=\"og:url\" content=\"https:\/\/murosdepiedrarubengranados.com\/en\/\" \/>\n<meta property=\"og:site_name\" content=\"Muros de piedra Rub\u00e9n Granados\" \/>\n<meta property=\"article:modified_time\" content=\"2026-01-26T12:06:00+00:00\" \/>\n<meta property=\"og:image\" content=\"https:\/\/murosdepiedrarubengranados.com\/wp-content\/uploads\/elementor\/thumbs\/WhatsApp-Image-2026-01-26-at-12.58.04-ri816kyqnv9kgvhgzkgxjehspzlyz10daqxsetcubs.jpeg\" \/>\n<meta name=\"twitter:card\" content=\"summary_large_image\" \/>\n<meta name=\"twitter:label1\" content=\"Estimated reading time\" \/>\n\t<meta name=\"twitter:data1\" content=\"5 minutes\" \/>\n<script type=\"application\/ld+json\" class=\"yoast-schema-graph\">{\"@context\":\"https:\\\/\\\/schema.org\",\"@graph\":[{\"@type\":\"WebPage\",\"@id\":\"https:\\\/\\\/murosdepiedrarubengranados.com\\\/\",\"url\":\"https:\\\/\\\/murosdepiedrarubengranados.com\\\/\",\"name\":\"Inicio - Muros de piedra Rub\u00e9n Granados\",\"isPartOf\":{\"@id\":\"https:\\\/\\\/murosdepiedrarubengranados.com\\\/#website\"},\"primaryImageOfPage\":{\"@id\":\"https:\\\/\\\/murosdepiedrarubengranados.com\\\/#primaryimage\"},\"image\":{\"@id\":\"https:\\\/\\\/murosdepiedrarubengranados.com\\\/#primaryimage\"},\"thumbnailUrl\":\"https:\\\/\\\/murosdepiedrarubengranados.com\\\/wp-content\\\/uploads\\\/elementor\\\/thumbs\\\/WhatsApp-Image-2026-01-26-at-12.58.04-ri816kyqnv9kgvhgzkgxjehspzlyz10daqxsetcubs.jpeg\",\"datePublished\":\"2026-01-26T10:19:54+00:00\",\"dateModified\":\"2026-01-26T12:06:00+00:00\",\"breadcrumb\":{\"@id\":\"https:\\\/\\\/murosdepiedrarubengranados.com\\\/#breadcrumb\"},\"inLanguage\":\"en-GB\",\"potentialAction\":[{\"@type\":\"ReadAction\",\"target\":[\"https:\\\/\\\/murosdepiedrarubengranados.com\\\/\"]}]},{\"@type\":\"ImageObject\",\"inLanguage\":\"en-GB\",\"@id\":\"https:\\\/\\\/murosdepiedrarubengranados.com\\\/#primaryimage\",\"url\":\"https:\\\/\\\/murosdepiedrarubengranados.com\\\/wp-content\\\/uploads\\\/elementor\\\/thumbs\\\/WhatsApp-Image-2026-01-26-at-12.58.04-ri816kyqnv9kgvhgzkgxjehspzlyz10daqxsetcubs.jpeg\",\"contentUrl\":\"https:\\\/\\\/murosdepiedrarubengranados.com\\\/wp-content\\\/uploads\\\/elementor\\\/thumbs\\\/WhatsApp-Image-2026-01-26-at-12.58.04-ri816kyqnv9kgvhgzkgxjehspzlyz10daqxsetcubs.jpeg\"},{\"@type\":\"BreadcrumbList\",\"@id\":\"https:\\\/\\\/murosdepiedrarubengranados.com\\\/#breadcrumb\",\"itemListElement\":[{\"@type\":\"ListItem\",\"position\":1,\"name\":\"Portada\",\"item\":\"https:\\\/\\\/murosdepiedrarubengranados.com\\\/\"},{\"@type\":\"ListItem\",\"position\":2,\"name\":\"Inicio\"}]},{\"@type\":\"WebSite\",\"@id\":\"https:\\\/\\\/murosdepiedrarubengranados.com\\\/#website\",\"url\":\"https:\\\/\\\/murosdepiedrarubengranados.com\\\/\",\"name\":\"Muros de piedra Rub\u00e9n Granados\",\"description\":\"\",\"publisher\":{\"@id\":\"https:\\\/\\\/murosdepiedrarubengranados.com\\\/#organization\"},\"potentialAction\":[{\"@type\":\"SearchAction\",\"target\":{\"@type\":\"EntryPoint\",\"urlTemplate\":\"https:\\\/\\\/murosdepiedrarubengranados.com\\\/?s={search_term_string}\"},\"query-input\":{\"@type\":\"PropertyValueSpecification\",\"valueRequired\":true,\"valueName\":\"search_term_string\"}}],\"inLanguage\":\"en-GB\"},{\"@type\":\"Organization\",\"@id\":\"https:\\\/\\\/murosdepiedrarubengranados.com\\\/#organization\",\"name\":\"Muros de piedra Rub\u00e9n Granados\",\"url\":\"https:\\\/\\\/murosdepiedrarubengranados.com\\\/\",\"logo\":{\"@type\":\"ImageObject\",\"inLanguage\":\"en-GB\",\"@id\":\"https:\\\/\\\/murosdepiedrarubengranados.com\\\/#\\\/schema\\\/logo\\\/image\\\/\",\"url\":\"https:\\\/\\\/murosdepiedrarubengranados.com\\\/wp-content\\\/uploads\\\/2026\\\/01\\\/cropped-rubendenia202511_logo_web.png\",\"contentUrl\":\"https:\\\/\\\/murosdepiedrarubengranados.com\\\/wp-content\\\/uploads\\\/2026\\\/01\\\/cropped-rubendenia202511_logo_web.png\",\"width\":1080,\"height\":546,\"caption\":\"Muros de piedra Rub\u00e9n Granados\"},\"image\":{\"@id\":\"https:\\\/\\\/murosdepiedrarubengranados.com\\\/#\\\/schema\\\/logo\\\/image\\\/\"}}]}<\/script>\n<!-- \/ Yoast SEO plugin. -->","yoast_head_json":{"title":"Inicio - Muros de piedra Rub\u00e9n Granados","robots":{"index":"index","follow":"follow","max-snippet":"max-snippet:-1","max-image-preview":"max-image-preview:large","max-video-preview":"max-video-preview:-1"},"canonical":"https:\/\/murosdepiedrarubengranados.com\/en\/","og_locale":"en_GB","og_type":"article","og_title":"Inicio - Muros de piedra Rub\u00e9n Granados","og_description":"Muros de piedra Rub\u00e9n Granados Fabricaci\u00f3n de muros de piedra Sobre Nosotros Somos especialistas en mamposter\u00eda y trabajos en piedra, y nos dedicamos a crear estructuras s\u00f3lidas, funcionales y con un acabado cuidado. Cada proyecto lo trabajamos con atenci\u00f3n al detalle, combinando t\u00e9cnica, experiencia y un enfoque artesanal para lograr resultados duraderos y est\u00e9ticos. Realizamos [&hellip;]","og_url":"https:\/\/murosdepiedrarubengranados.com\/en\/","og_site_name":"Muros de piedra Rub\u00e9n Granados","article_modified_time":"2026-01-26T12:06:00+00:00","og_image":[{"url":"https:\/\/murosdepiedrarubengranados.com\/wp-content\/uploads\/elementor\/thumbs\/WhatsApp-Image-2026-01-26-at-12.58.04-ri816kyqnv9kgvhgzkgxjehspzlyz10daqxsetcubs.jpeg","type":"","width":"","height":""}],"twitter_card":"summary_large_image","twitter_misc":{"Estimated reading time":"5 minutes"},"schema":{"@context":"https:\/\/schema.org","@graph":[{"@type":"WebPage","@id":"https:\/\/murosdepiedrarubengranados.com\/","url":"https:\/\/murosdepiedrarubengranados.com\/","name":"Inicio - Muros de piedra Rub\u00e9n Granados","isPartOf":{"@id":"https:\/\/murosdepiedrarubengranados.com\/#website"},"primaryImageOfPage":{"@id":"https:\/\/murosdepiedrarubengranados.com\/#primaryimage"},"image":{"@id":"https:\/\/murosdepiedrarubengranados.com\/#primaryimage"},"thumbnailUrl":"https:\/\/murosdepiedrarubengranados.com\/wp-content\/uploads\/elementor\/thumbs\/WhatsApp-Image-2026-01-26-at-12.58.04-ri816kyqnv9kgvhgzkgxjehspzlyz10daqxsetcubs.jpeg","datePublished":"2026-01-26T10:19:54+00:00","dateModified":"2026-01-26T12:06:00+00:00","breadcrumb":{"@id":"https:\/\/murosdepiedrarubengranados.com\/#breadcrumb"},"inLanguage":"en-GB","potentialAction":[{"@type":"ReadAction","target":["https:\/\/murosdepiedrarubengranados.com\/"]}]},{"@type":"ImageObject","inLanguage":"en-GB","@id":"https:\/\/murosdepiedrarubengranados.com\/#primaryimage","url":"https:\/\/murosdepiedrarubengranados.com\/wp-content\/uploads\/elementor\/thumbs\/WhatsApp-Image-2026-01-26-at-12.58.04-ri816kyqnv9kgvhgzkgxjehspzlyz10daqxsetcubs.jpeg","contentUrl":"https:\/\/murosdepiedrarubengranados.com\/wp-content\/uploads\/elementor\/thumbs\/WhatsApp-Image-2026-01-26-at-12.58.04-ri816kyqnv9kgvhgzkgxjehspzlyz10daqxsetcubs.jpeg"},{"@type":"BreadcrumbList","@id":"https:\/\/murosdepiedrarubengranados.com\/#breadcrumb","itemListElement":[{"@type":"ListItem","position":1,"name":"Portada","item":"https:\/\/murosdepiedrarubengranados.com\/"},{"@type":"ListItem","position":2,"name":"Inicio"}]},{"@type":"WebSite","@id":"https:\/\/murosdepiedrarubengranados.com\/#website","url":"https:\/\/murosdepiedrarubengranados.com\/","name":"Muros de piedra Rub\u00e9n Granados","description":"","publisher":{"@id":"https:\/\/murosdepiedrarubengranados.com\/#organization"},"potentialAction":[{"@type":"SearchAction","target":{"@type":"EntryPoint","urlTemplate":"https:\/\/murosdepiedrarubengranados.com\/?s={search_term_string}"},"query-input":{"@type":"PropertyValueSpecification","valueRequired":true,"valueName":"search_term_string"}}],"inLanguage":"en-GB"},{"@type":"Organization","@id":"https:\/\/murosdepiedrarubengranados.com\/#organization","name":"Muros de piedra Rub\u00e9n Granados","url":"https:\/\/murosdepiedrarubengranados.com\/","logo":{"@type":"ImageObject","inLanguage":"en-GB","@id":"https:\/\/murosdepiedrarubengranados.com\/#\/schema\/logo\/image\/","url":"https:\/\/murosdepiedrarubengranados.com\/wp-content\/uploads\/2026\/01\/cropped-rubendenia202511_logo_web.png","contentUrl":"https:\/\/murosdepiedrarubengranados.com\/wp-content\/uploads\/2026\/01\/cropped-rubendenia202511_logo_web.png","width":1080,"height":546,"caption":"Muros de piedra Rub\u00e9n Granados"},"image":{"@id":"https:\/\/murosdepiedrarubengranados.com\/#\/schema\/logo\/image\/"}}]}},"_links":{"self":[{"href":"https:\/\/murosdepiedrarubengranados.com\/en\/wp-json\/wp\/v2\/pages\/13","targetHints":{"allow":["GET"]}}],"collection":[{"href":"https:\/\/murosdepiedrarubengranados.com\/en\/wp-json\/wp\/v2\/pages"}],"about":[{"href":"https:\/\/murosdepiedrarubengranados.com\/en\/wp-json\/wp\/v2\/types\/page"}],"author":[{"embeddable":true,"href":"https:\/\/murosdepiedrarubengranados.com\/en\/wp-json\/wp\/v2\/users\/1"}],"replies":[{"embeddable":true,"href":"https:\/\/murosdepiedrarubengranados.com\/en\/wp-json\/wp\/v2\/comments?post=13"}],"version-history":[{"count":100,"href":"https:\/\/murosdepiedrarubengranados.com\/en\/wp-json\/wp\/v2\/pages\/13\/revisions"}],"predecessor-version":[{"id":341,"href":"https:\/\/murosdepiedrarubengranados.com\/en\/wp-json\/wp\/v2\/pages\/13\/revisions\/341"}],"wp:attachment":[{"href":"https:\/\/murosdepiedrarubengranados.com\/en\/wp-json\/wp\/v2\/media?parent=13"}],"curies":[{"name":"wp","href":"https:\/\/api.w.org\/{rel}","templated":true}]}}